{"id":16592,"date":"2024-12-11T14:53:47","date_gmt":"2024-12-11T12:53:47","guid":{"rendered":"https:\/\/www.mtbtours.ro\/en\/?page_id=16592"},"modified":"2024-12-11T14:57:35","modified_gmt":"2024-12-11T12:57:35","slug":"about-me","status":"publish","type":"page","link":"https:\/\/www.dev.mtbtours.ro\/ro\/despre-mine\/","title":{"rendered":"Despre mine"},"content":{"rendered":"<p>Eu s\u00eent <strong>Horia M\u0103ru\u0219c\u0103<\/strong>, ini\u021biatorul proiectului mtbtours.ro, autorul majorit\u0103\u021bii textelor, fotografiilor \u0219i filmelor publicate aici. Lansat \u00een prim\u0103vara lui 2010, site-ul mtbtours.ro a fost rezultatul firesc al intersect\u0103rii principalelor mele preocup\u0103ri \u0219i pasiuni.<\/p>\n<p><img loading=\"lazy\" decoding=\"async\" class=\"ngg-singlepic ngg-none alignleft\" src=\"https:\/\/www.dev.mtbtours.ro\/wp-content\/gallery\/marcus-friends-carpathian-peaks-2024\/IMG_20240902_153227_1600.jpg\" alt=\"IMG_20240902_153227_1600\" width=\"558\" height=\"418\"><\/p>\n<p>Sunt n\u0103scut \u00eentr-un ora\u0219 de munte, Sibiu, am b\u0103tut c\u0103r\u0103rile Carpa\u021bilor de mic. La \u00eenceput cu picioarele \u0219i schiurile, mai t\u00e2rziu \u0219i cu bicicleta. Pasiunea pentru activit\u0103\u021bile montane s-a transformat \u00een 1998 \u00eentr-un atestat profesional, \u00een prezent sunt ghid montan autorizat \u0219i membru al <strong>Asocia\u021biei Ghizilor Montani din Rom\u00e2nia (AGMR)<\/strong>. \u00cencep\u00e2nd cu 2018 am certificare <strong>MIAS<\/strong> Mountain Bike Leader <strong>Level 2<\/strong>. Din 2022 s\u00eent implicat \u00een ini\u021biativa RIMS, parte din proiectul <a href=\"https:\/\/europeanbikeguides.com\/\" target=\"_blank\" rel=\"noopener\"><em><strong>EO-MTBing &#8211; European Organization of Mountain Bike Instructor-Guides<\/strong><\/em><\/a>.<\/p>\n<p>Am studiat jurnalism \u0219i comunicare la Universitatea Bucure\u0219ti, specializ\u00e2ndu-m\u0103 pe produc\u021bie video \u0219i \u00een realizarea de film documentar antropologic, apoi pe fotografie, design grafic \u0219i design pentru web.<\/p>\n<p>De la \u00eenceputul anilor 2000 am devenit liber profesionist, altern\u00e2nd <a href=\"https:\/\/www.marusca.ro\" target=\"_blank\" rel=\"noopener\"><strong>proiecte foto, video sau design<\/strong><\/a> cu ture de trekking \u0219i hiking \u00een Carpa\u021bi, d\u00e2ndu-m\u0103 \u00een tot acest timp cu bicicleta pe c\u0103r\u0103ri de munte \u00een timpul liber. \u00cenceput ini\u021bial ca blog de mtb-ist, mtbtours.ro s-a transformat firesc \u00een ceea ce este acum, o platform\u0103 pentru prezentarea \u0219i promovarea turelor organizate de mtb, iar eu \u00eentr-un &#8222;Jack of all trades&#8221;: alc\u0103tuiesc programele turelor, le ghidez \u00een teren, fac fotografii \u0219i filme ale turelor, scriu \u0219i traduc articole, sunt webdesigner-ul \u0219i webmaster-ul site-ului mtbtours.ro.<\/p>","protected":false},"excerpt":{"rendered":"<p>Eu s\u00eent Horia M\u0103ru\u0219c\u0103, ini\u021biatorul proiectului mtbtours.ro, autorul majorit\u0103\u021bii textelor, fotografiilor \u0219i filmelor publicate aici. Lansat \u00een prim\u0103vara lui 2010, site-ul mtbtours.ro a fost rezultatul firesc al intersect\u0103rii principalelor mele preocup\u0103ri \u0219i pasiuni. Sunt n\u0103scut \u00eentr-un ora\u0219 de munte, Sibiu, am b\u0103tut c\u0103r\u0103rile Carpa\u021bilor de mic. La \u00eenceput cu picioarele \u0219i schiurile, mai t\u00e2rziu \u0219i&#8230;  <a class=\"excerpt-read-more\" href=\"https:\/\/www.dev.mtbtours.ro\/ro\/despre-mine\/\" title=\"Read Despre mine\">Cite\u0219te mai mult &raquo;<\/a><\/p>\n","protected":false},"author":4,"featured_media":16594,"parent":0,"menu_order":0,"comment_status":"closed","ping_status":"closed","template":"","meta":{"_acf_changed":false,"ngg_post_thumbnail":0,"footnotes":""},"tags":[457,456,328],"class_list":["post-16592","page","type-page","status-publish","has-post-thumbnail","hentry","tag-eo-mtbing","tag-horia-marusca","tag-mtb-guide"],"acf":[],"_links":{"self":[{"href":"https:\/\/www.dev.mtbtours.ro\/ro\/wp-json\/wp\/v2\/pages\/16592","targetHints":{"allow":["GET"]}}],"collection":[{"href":"https:\/\/www.dev.mtbtours.ro\/ro\/wp-json\/wp\/v2\/pages"}],"about":[{"href":"https:\/\/www.dev.mtbtours.ro\/ro\/wp-json\/wp\/v2\/types\/page"}],"author":[{"embeddable":true,"href":"https:\/\/www.dev.mtbtours.ro\/ro\/wp-json\/wp\/v2\/users\/4"}],"replies":[{"embeddable":true,"href":"https:\/\/www.dev.mtbtours.ro\/ro\/wp-json\/wp\/v2\/comments?post=16592"}],"version-history":[{"count":3,"href":"https:\/\/www.dev.mtbtours.ro\/ro\/wp-json\/wp\/v2\/pages\/16592\/revisions"}],"predecessor-version":[{"id":16598,"href":"https:\/\/www.dev.mtbtours.ro\/ro\/wp-json\/wp\/v2\/pages\/16592\/revisions\/16598"}],"wp:featuredmedia":[{"embeddable":true,"href":"https:\/\/www.dev.mtbtours.ro\/ro\/wp-json\/wp\/v2\/media\/16594"}],"wp:attachment":[{"href":"https:\/\/www.dev.mtbtours.ro\/ro\/wp-json\/wp\/v2\/media?parent=16592"}],"wp:term":[{"taxonomy":"post_tag","embeddable":true,"href":"https:\/\/www.dev.mtbtours.ro\/ro\/wp-json\/wp\/v2\/tags?post=16592"}],"curies":[{"name":"wp","href":"https:\/\/api.w.org\/{rel}","templated":true}]}}