{"id":2,"date":"2010-04-23T17:49:03","date_gmt":"2010-04-23T17:49:03","guid":{"rendered":"http:\/\/www.marusca.ro\/dev\/mtbtours\/blog\/?page_id=2"},"modified":"2022-12-16T15:18:46","modified_gmt":"2022-12-16T13:18:46","slug":"mtb-guides-team","status":"publish","type":"page","link":"https:\/\/www.dev.mtbtours.ro\/ro\/echipa\/","title":{"rendered":"Echipa mtbtours"},"content":{"rendered":"<p>\u00cen spatele ac\u021biunilor prezentate \u00een acest col\u021b de internet se afl\u0103 o echip\u0103 mic\u0103, dar energic\u0103.<\/p>\n<p>Rolul de \u0219ef mi-l asum eu, <strong>Horia M\u0103ru\u0219c\u0103<\/strong>, ini\u021biatorul proiectului mtbtours.ro, autorul majorit\u0103\u021bii textelor, fotografiilor \u0219i filmelor publicate aici. Lansat \u00een prim\u0103vara lui 2010, site-ul mtbtours.ro a fost rezultatul firesc al intersect\u0103rii principalelor mele preocup\u0103ri \u0219i pasiuni.<\/p>\n<p><img loading=\"lazy\" decoding=\"async\" class=\"alignleft wp-image-14295 size-large\" src=\"https:\/\/www.dev.mtbtours.ro\/wp-content\/uploads\/2022\/04\/IMG_20220401_142738_1600-450x600.webp\" alt=\"\" width=\"450\" height=\"600\" srcset=\"https:\/\/www.dev.mtbtours.ro\/wp-content\/uploads\/2022\/04\/IMG_20220401_142738_1600-450x600.webp 450w, https:\/\/www.dev.mtbtours.ro\/wp-content\/uploads\/2022\/04\/IMG_20220401_142738_1600-1152x1536.webp 1152w, https:\/\/www.dev.mtbtours.ro\/wp-content\/uploads\/2022\/04\/IMG_20220401_142738_1600-225x300.webp 225w, https:\/\/www.dev.mtbtours.ro\/wp-content\/uploads\/2022\/04\/IMG_20220401_142738_1600-768x1024.webp 768w, https:\/\/www.dev.mtbtours.ro\/wp-content\/uploads\/2022\/04\/IMG_20220401_142738_1600.webp 1200w\" sizes=\"auto, (max-width: 450px) 100vw, 450px\" \/><\/p>\n<p>Sunt n\u0103scut \u00eentr-un ora\u0219 de munte, Sibiu, am b\u0103tut c\u0103r\u0103rile Carpa\u021bilor de mic. La \u00eenceput cu picioarele \u0219i schiurile, mai t\u00e2rziu \u0219i cu bicicleta. Pasiunea pentru activit\u0103\u021bile montane s-a transformat \u00een 1998 \u00eentr-un atestat profesional, \u00een prezent sunt ghid montan autorizat \u0219i membru al Asocia\u021biei Ghizilor Montani din Rom\u00e2nia (AGMR). \u00cencep\u00e2nd cu 2018 am certificare MIAS Mountain Bike Leader Level 1 \u0219i Level 2. Din 2022 s\u00eent implicat \u00een ini\u021biativa RIMS, parte din proiectul <strong><em>EO-MTB ing &#8211; European Organisation of Mountain Bike Instructor-Guides<\/em><\/strong>.<\/p>\n<p>Am studiat jurnalism \u0219i comunicare la Universitatea Bucure\u0219ti, specializ\u00e2ndu-m\u0103 pe produc\u021bie video \u0219i \u00een realizarea de film documentar antropologic, apoi pe fotografie, design grafic \u0219i design pentru web.<\/p>\n<p>De la \u00eenceputul anilor 2000 am devenit liber profesionist, altern\u00e2nd <a title=\"marusca.ro\" href=\"http:\/\/www.marusca.ro\" target=\"_blank\" rel=\"noopener noreferrer\">proiecte foto, video sau design<\/a> cu ture de trekking \u0219i hiking \u00een Carpa\u021bi, d\u00e2ndu-m\u0103 \u00een tot acest timp cu bicicleta pe c\u0103r\u0103ri de munte \u00een timpul liber. \u00cenceput ini\u021bial ca blog de mtb-ist, mtbtours.ro s-a transformat firesc \u00een ceea ce este acum, o platform\u0103 pentru prezentarea \u0219i promovarea turelor organizate de mtb, iar eu \u00eentr-un &#8222;Jack of all trades&#8221;: alc\u0103tuiesc programele turelor, le ghidez \u00een teren, fac fotografii \u0219i filme ale turelor, scriu \u0219i traduc articole, sunt webdesigner-ul \u0219i webmaster-ul site-ului mtbtours.ro.<\/p>\n<p><img loading=\"lazy\" decoding=\"async\" class=\"wp-image-12146 alignright\" src=\"http:\/\/www.mtbtours.ro\/wp-content\/uploads\/2019\/09\/IMG_20190918_125555_square.jpg\" alt=\"\" width=\"500\" height=\"500\" srcset=\"https:\/\/www.dev.mtbtours.ro\/wp-content\/uploads\/2019\/09\/IMG_20190918_125555_square.jpg 634w, https:\/\/www.dev.mtbtours.ro\/wp-content\/uploads\/2019\/09\/IMG_20190918_125555_square-300x300.jpg 300w, https:\/\/www.dev.mtbtours.ro\/wp-content\/uploads\/2019\/09\/IMG_20190918_125555_square-600x600.jpg 600w, https:\/\/www.dev.mtbtours.ro\/wp-content\/uploads\/2019\/09\/IMG_20190918_125555_square-125x125.jpg 125w\" sizes=\"auto, (max-width: 500px) 100vw, 500px\" \/><\/p>\n<p><strong>Mihai Constantenec<\/strong> este prieten \u00eentr-ale muntelui, ale ghid\u0103riei montane \u0219i ale mountain bikingului. Ghid montan autorizat, membru al AGMR, Mihai este unul din personajele principale ale turelor de recunoa\u0219tere descrise pe mtbtours.ro, \u00eel pute\u021bi vedea \u00een multe fotografii \u0219i montaje video. \u00cen ultimii ani a fost ghid pentru turele noastre de mtb, activitate care sper\u0103m s\u0103-i ocupe din ce \u00een ce mai mult timp \u00een viitor.<\/p>\n<p>Absolvent de educa\u021bie fizic\u0103 \u0219i sport la Universitatea Transilvania din Bra\u0219ov, Mihai s-a specializat pe ski \u0219i mountain biking, la bogata list\u0103 de atestate ad\u0103ug\u00e2ndu-se \u00een 2014 cea de mountain bike guide, ob\u021binut\u0103 \u00een Austria. Din 2018 este certificat MIAS Mountain Bike Leader Level 1 \u0219i Level 2.<\/p>\n<p>De asemenea, Mihai este omul cu care trebuie s\u0103 vorbi\u021bi dac\u0103 v\u0103 \u00eentereseaz\u0103 programe de trail running \u00een Carpa\u021bii Rom\u00e2ne\u0219ti. Contacta\u021bi-l direct la karpaten.trails@gmail.com.<\/p>","protected":false},"excerpt":{"rendered":"<p>\u00cen spatele ac\u021biunilor prezentate \u00een acest col\u021b de internet se afl\u0103 o echip\u0103 mic\u0103, dar energic\u0103. Rolul de \u0219ef mi-l asum eu, Horia M\u0103ru\u0219c\u0103, ini\u021biatorul proiectului mtbtours.ro, autorul majorit\u0103\u021bii textelor, fotografiilor \u0219i filmelor publicate aici. Lansat \u00een prim\u0103vara lui 2010, site-ul mtbtours.ro a fost rezultatul firesc al intersect\u0103rii principalelor mele preocup\u0103ri \u0219i pasiuni. Sunt n\u0103scut&#8230;  <a class=\"excerpt-read-more\" href=\"https:\/\/www.dev.mtbtours.ro\/ro\/echipa\/\" title=\"Read Echipa mtbtours\">Cite\u0219te mai mult &raquo;<\/a><\/p>\n","protected":false},"author":4,"featured_media":14253,"parent":0,"menu_order":1,"comment_status":"open","ping_status":"open","template":"","meta":{"_acf_changed":false,"ngg_post_thumbnail":0,"footnotes":""},"tags":[],"class_list":["post-2","page","type-page","status-publish","has-post-thumbnail","hentry"],"acf":[],"_links":{"self":[{"href":"https:\/\/www.dev.mtbtours.ro\/ro\/wp-json\/wp\/v2\/pages\/2","targetHints":{"allow":["GET"]}}],"collection":[{"href":"https:\/\/www.dev.mtbtours.ro\/ro\/wp-json\/wp\/v2\/pages"}],"about":[{"href":"https:\/\/www.dev.mtbtours.ro\/ro\/wp-json\/wp\/v2\/types\/page"}],"author":[{"embeddable":true,"href":"https:\/\/www.dev.mtbtours.ro\/ro\/wp-json\/wp\/v2\/users\/4"}],"replies":[{"embeddable":true,"href":"https:\/\/www.dev.mtbtours.ro\/ro\/wp-json\/wp\/v2\/comments?post=2"}],"version-history":[{"count":3,"href":"https:\/\/www.dev.mtbtours.ro\/ro\/wp-json\/wp\/v2\/pages\/2\/revisions"}],"predecessor-version":[{"id":14932,"href":"https:\/\/www.dev.mtbtours.ro\/ro\/wp-json\/wp\/v2\/pages\/2\/revisions\/14932"}],"wp:featuredmedia":[{"embeddable":true,"href":"https:\/\/www.dev.mtbtours.ro\/ro\/wp-json\/wp\/v2\/media\/14253"}],"wp:attachment":[{"href":"https:\/\/www.dev.mtbtours.ro\/ro\/wp-json\/wp\/v2\/media?parent=2"}],"wp:term":[{"taxonomy":"post_tag","embeddable":true,"href":"https:\/\/www.dev.mtbtours.ro\/ro\/wp-json\/wp\/v2\/tags?post=2"}],"curies":[{"name":"wp","href":"https:\/\/api.w.org\/{rel}","templated":true}]}}