{"id":206,"date":"2010-05-16T16:31:44","date_gmt":"2010-05-16T14:31:44","guid":{"rendered":"http:\/\/www.marusca.ro\/dev\/mtbtours\/?page_id=206"},"modified":"2023-11-06T14:00:34","modified_gmt":"2023-11-06T12:00:34","slug":"contact","status":"publish","type":"page","link":"https:\/\/www.dev.mtbtours.ro\/ro\/contact\/","title":{"rendered":"Contact"},"content":{"rendered":"<p>Suntem de g\u0103sit \u00een Bra\u015fov. Suna\u0163i la +40740248246 sau trimiteti un e-mail la contact(at)mtbtours.ro &#8211; \u00eenlocui\u0163i \u201d(at)\u201d cu \u201d@\u201d c\u00e2nd e s\u0103 trimite\u0163i e-mailul.<\/p>\n<p>Sau folosi\u021bi formularul de mai jos:<\/p>\n\n\t\t\t<div class=\"ccf-form-wrapper form-id-4621\" data-form-id=\"4621\">\n\t\t\t\t<form  class=\"ccf-form ccf-theme-default\" method=\"post\" action=\"?v=1775845455\" data-form-id=\"4621\">\n\n\t\t\t\t\t\t\t\t\t\t\t\t\t\t\t\t\t\t<div class=\"form-title\">\n\t\t\t\t\t\t\t\tWe want to hear from you\t\t\t\t\t\t\t<\/div>\n\t\t\t\t\t\t\t\t\t\t\t\n\t\t\t\t\t\t\t\t\t\t\t<div class=\"form-description\">\n\t\t\t\t\t\t\tFill in this form and we&#039;ll get back to you as soon as possible.\t\t\t\t\t\t<\/div>\n\t\t\t\t\t\n\t\t\t\t\t\n\t\t<div data-field-type=\"name\" data-field-slug=\"name\" class=\"form-group  field name field-type-name field-15495  field-required\">\n\t\t\t<label class=\"main-label\">\n\t\t\t\t<span class=\"required\">*<\/span>\t\t\t\tYour name:\t\t\t<\/label>\n\t\t\t<div class=\"left\">\n\t\t\t\t<input value=\"\" class=\"form-control  field-input\" required aria-required=\"true\" type=\"text\" name=\"ccf_field_name[first]\" id=\"ccf_field_name-first\">\n\t\t\t\t\t\t\t\t<label for=\"ccf_field_name-first\" class=\"sub-label help-block text-muted\">First<\/label>\n\t\t\t<\/div>\n\t\t\t<div class=\"right\">\n\t\t\t\t<input value=\"\" class=\"form-control  field-input\" required aria-required=\"true\" type=\"text\" name=\"ccf_field_name[last]\" id=\"ccf_field_name-last\">\n\t\t\t\t\t\t\t\t<label for=\"ccf_field_name-last\" class=\"sub-label help-block text-muted\">Last<\/label>\n\t\t\t<\/div>\n\n\t\t\t<div class=\"ccf-clear\"><\/div>\n\n\t\t\t\t\t\t\t<div class=\"field-description help-block text-muted\">\n\t\t\t\t\tIt&#039;s always nice to talk to real persons.\t\t\t\t<\/div>\n\t\t\t\t\t<\/div>\n\n\t\t\n\t\t<div data-field-type=\"email\" data-field-slug=\"email\" class=\"form-group  field email field-type-email field-15496  field-required\">\n\t\t\t<label class=\"main-label\" for=\"ccf_field_email\">\n\t\t\t\t<span class=\"required\">*<\/span>\t\t\t\tYour email address:\t\t\t<\/label>\n\t\t\t\t\t\t\t<div class=\"left\">\n\t\t\t\t\t<input class=\"form-control field-input \" required aria-required=\"true\" name=\"ccf_field_email[email]\" id=\"ccf_field_email\" value=\"\" type=\"text\">\n\t\t\t\t\t\t\t\t\t\t<label for=\"ccf_field_email\" class=\"sub-label help-block text-muted\">Email<\/label>\n\t\t\t\t<\/div>\n\t\t\t\t<div class=\"right\">\n\t\t\t\t\t<input class=\"form-control field-input \" required aria-required=\"true\" name=\"ccf_field_email[confirm]\" id=\"ccf_field_email-confirm\" value=\"\" type=\"text\">\n\t\t\t\t\t\t\t\t\t\t<label for=\"ccf_field_email-confirm\" class=\"sub-label help-block text-muted\">Confirm Email<\/label>\n\t\t\t\t<\/div>\n\t\t\t\t\t\t\t\t\t\t\t\t<div class=\"ccf-clear\"><\/div>\n\t\t\t\n\t\t\t\t\t\t\t<div class=\"field-description help-block text-muted\">\n\t\t\t\t\tWe hate spam as much as you do.\t\t\t\t<\/div>\n\t\t\t\t\t<\/div>\n\n\t\t\n\t\t<div data-phone-format=\"international\" data-field-slug=\"phone\" data-field-type=\"phone\" class=\"form-group  field phone field-type-phone field-15497  \">\n\t\t\t<label class=\"main-label\" for=\"ccf_field_phone\">\n\t\t\t\t\t\t\t\tYour phone number:\t\t\t<\/label>\n\t\t\t<input class=\"form-control  field-input\"  type=\"text\" name=\"ccf_field_phone\" id=\"ccf_field_phone\" placeholder=\"\" value=\"\">\n\n\t\t\t\t\t\t\t<div class=\"field-description help-block text-muted\">\n\t\t\t\t\tMight be faster over the phone.\t\t\t\t<\/div>\n\t\t\t\n\t\t\t\t\t<\/div>\n\n\t\t\n\t\t<div data-field-type=\"website\" data-field-slug=\"website-14\" class=\"form-group  field website-14 field-type-website field-15498  \">\n\t\t\t<label class=\"main-label\" for=\"ccf_field_website-14\">\n\t\t\t\t\t\t\t\tWeb address\t\t\t<\/label>\n\t\t\t<input class=\"form-control  field-input\"  type=\"text\" name=\"ccf_field_website-14\" id=\"ccf_field_website-14\" placeholder=\"http:\/\/\" value=\"\">\n\n\t\t\t\t\t\t\t<div class=\"field-description help-block text-muted\">\n\t\t\t\t\tAny relevant url you want to share.\t\t\t\t<\/div>\n\t\t\t\n\t\t\t\t\t<\/div>\n\n\t\t\n\t\t<div data-field-type=\"checkboxes\" data-field-slug=\"level\" class=\"form-group  field level field-type-checkboxes field-15499  field-required\">\n\t\t\t<label class=\"main-label\" for=\"ccf_field_level\">\n\t\t\t\t<span class=\"required\">*<\/span>\t\t\t\tYour level is:\t\t\t<\/label>\n\t\t\t\t\t\t\t<div class=\"choice checkbox\">\n\t\t\t\t\t<label><input class=\"field-input\" name=\"ccf_field_level[]\" type=\"checkbox\"  value=\"medium\"> <span>medium<\/span><\/label>\n\t\t\t\t<\/div>\n\t\t\t\t\t\t\t<div class=\"choice checkbox\">\n\t\t\t\t\t<label><input class=\"field-input\" name=\"ccf_field_level[]\" type=\"checkbox\"  value=\"advanced\"> <span>advanced<\/span><\/label>\n\t\t\t\t<\/div>\n\t\t\t\t\t\t\t<div class=\"choice checkbox\">\n\t\t\t\t\t<label><input class=\"field-input\" name=\"ccf_field_level[]\" type=\"checkbox\"  value=\"expert\"> <span>expert<\/span><\/label>\n\t\t\t\t<\/div>\n\t\t\t\n\t\t\t\t\t\t\t<div class=\"field-description help-block text-muted\">\n\t\t\t\t\tMultiple choice is a valid option.\t\t\t\t<\/div>\n\t\t\t\n\t\t\t\t\t<\/div>\n\n\t\t\n\t\t<div data-field-type=\"checkboxes\" data-field-slug=\"checkboxes-16\" class=\"form-group  field checkboxes-16 field-type-checkboxes field-15503  \">\n\t\t\t<label class=\"main-label\" for=\"ccf_field_checkboxes-16\">\n\t\t\t\t\t\t\t\tYou are interested in:\t\t\t<\/label>\n\t\t\t\t\t\t\t<div class=\"choice checkbox\">\n\t\t\t\t\t<label><input class=\"field-input\" name=\"ccf_field_checkboxes-16[]\" type=\"checkbox\"  value=\"Bucegi Circuit\"> <span>Bucegi Circuit<\/span><\/label>\n\t\t\t\t<\/div>\n\t\t\t\t\t\t\t<div class=\"choice checkbox\">\n\t\t\t\t\t<label><input class=\"field-input\" name=\"ccf_field_checkboxes-16[]\" type=\"checkbox\"  value=\"Transylvanian Alps\"> <span>Transylvanian Alps<\/span><\/label>\n\t\t\t\t<\/div>\n\t\t\t\t\t\t\t<div class=\"choice checkbox\">\n\t\t\t\t\t<label><input class=\"field-input\" name=\"ccf_field_checkboxes-16[]\" type=\"checkbox\"  value=\"Carpat MTB Enduro\"> <span>Carpat MTB Enduro<\/span><\/label>\n\t\t\t\t<\/div>\n\t\t\t\t\t\t\t<div class=\"choice checkbox\">\n\t\t\t\t\t<label><input class=\"field-input\" name=\"ccf_field_checkboxes-16[]\" type=\"checkbox\"  value=\"Carpathian Peaks\"> <span>Carpathian Peaks<\/span><\/label>\n\t\t\t\t<\/div>\n\t\t\t\t\t\t\t<div class=\"choice checkbox\">\n\t\t\t\t\t<label><input class=\"field-input\" name=\"ccf_field_checkboxes-16[]\" type=\"checkbox\"  value=\"Ski touring\"> <span>Ski touring<\/span><\/label>\n\t\t\t\t<\/div>\n\t\t\t\t\t\t\t<div class=\"choice checkbox\">\n\t\t\t\t\t<label><input class=\"field-input\" name=\"ccf_field_checkboxes-16[]\" type=\"checkbox\"  value=\"a custom tour\"> <span>a custom tour<\/span><\/label>\n\t\t\t\t<\/div>\n\t\t\t\n\t\t\t\t\t\t\t<div class=\"field-description help-block text-muted\">\n\t\t\t\t\tMultiple selection possible.\t\t\t\t<\/div>\n\t\t\t\n\t\t\t\t\t<\/div>\n\n\t\t\n\t\t<div data-field-type=\"checkboxes\" data-field-slug=\"checkboxes-15\" class=\"form-group  field checkboxes-15 field-type-checkboxes field-15510  field-required\">\n\t\t\t<label class=\"main-label\" for=\"ccf_field_checkboxes-15\">\n\t\t\t\t<span class=\"required\">*<\/span>\t\t\t\tYou represent a group of:\t\t\t<\/label>\n\t\t\t\t\t\t\t<div class=\"choice checkbox\">\n\t\t\t\t\t<label><input class=\"field-input\" name=\"ccf_field_checkboxes-15[]\" type=\"checkbox\"  value=\"well, just me\"> <span>well, just me<\/span><\/label>\n\t\t\t\t<\/div>\n\t\t\t\t\t\t\t<div class=\"choice checkbox\">\n\t\t\t\t\t<label><input class=\"field-input\" name=\"ccf_field_checkboxes-15[]\" type=\"checkbox\"  value=\"2 pers\"> <span>2 pers<\/span><\/label>\n\t\t\t\t<\/div>\n\t\t\t\t\t\t\t<div class=\"choice checkbox\">\n\t\t\t\t\t<label><input class=\"field-input\" name=\"ccf_field_checkboxes-15[]\" type=\"checkbox\"  value=\"3 pers\"> <span>3 pers<\/span><\/label>\n\t\t\t\t<\/div>\n\t\t\t\t\t\t\t<div class=\"choice checkbox\">\n\t\t\t\t\t<label><input class=\"field-input\" name=\"ccf_field_checkboxes-15[]\" type=\"checkbox\"  value=\"4 pers\"> <span>4 pers<\/span><\/label>\n\t\t\t\t<\/div>\n\t\t\t\t\t\t\t<div class=\"choice checkbox\">\n\t\t\t\t\t<label><input class=\"field-input\" name=\"ccf_field_checkboxes-15[]\" type=\"checkbox\"  value=\"5 pers\"> <span>5 pers<\/span><\/label>\n\t\t\t\t<\/div>\n\t\t\t\t\t\t\t<div class=\"choice checkbox\">\n\t\t\t\t\t<label><input class=\"field-input\" name=\"ccf_field_checkboxes-15[]\" type=\"checkbox\"  value=\"6 pers\"> <span>6 pers<\/span><\/label>\n\t\t\t\t<\/div>\n\t\t\t\t\t\t\t<div class=\"choice checkbox\">\n\t\t\t\t\t<label><input class=\"field-input\" name=\"ccf_field_checkboxes-15[]\" type=\"checkbox\"  value=\"7 pers\"> <span>7 pers<\/span><\/label>\n\t\t\t\t<\/div>\n\t\t\t\t\t\t\t<div class=\"choice checkbox\">\n\t\t\t\t\t<label><input class=\"field-input\" name=\"ccf_field_checkboxes-15[]\" type=\"checkbox\"  value=\"8 pers\"> <span>8 pers<\/span><\/label>\n\t\t\t\t<\/div>\n\t\t\t\t\t\t\t<div class=\"choice checkbox\">\n\t\t\t\t\t<label><input class=\"field-input\" name=\"ccf_field_checkboxes-15[]\" type=\"checkbox\"  value=\"it&#039;s complicated\"> <span>it&#039;s complicated<\/span><\/label>\n\t\t\t\t<\/div>\n\t\t\t\n\t\t\t\t\t\t\t<div class=\"field-description help-block text-muted\">\n\t\t\t\t\tUse multiple options if not sure how many you are.\t\t\t\t<\/div>\n\t\t\t\n\t\t\t\t\t<\/div>\n\n\t\t\n\t\t<div data-field-type=\"radio\" data-field-slug=\"radio-11\" class=\"form-group  field field-type-radio radio-11 field-15520  field-required\">\n\t\t\t<label class=\"main-label\" for=\"ccf_field_radio-11\">\n\t\t\t\t<span class=\"required\">*<\/span>\t\t\t\tGroup policy:\t\t\t<\/label>\n\t\t\t\t\t\t\t<div class=\"choice radio\">\n\t\t\t\t\t<label><input class=\"field-input\" name=\"ccf_field_radio-11\" type=\"radio\"  value=\"we are a closed group\"> <span>we are a closed group<\/span><\/label>\n\t\t\t\t<\/div>\n\t\t\t\t\t\t\t<div class=\"choice radio\">\n\t\t\t\t\t<label><input class=\"field-input\" name=\"ccf_field_radio-11\" type=\"radio\"  value=\"happily joining others\"> <span>happily joining others<\/span><\/label>\n\t\t\t\t<\/div>\n\t\t\t\n\t\t\t\t\t\t\t<div class=\"field-description help-block text-muted\">\n\t\t\t\t\tConnecting people. Or not.\t\t\t\t<\/div>\n\t\t\t\n\t\t\t\t\t<\/div>\n\n\t\t\n\t\t<div data-field-type=\"radio\" data-field-slug=\"bikes\" class=\"form-group  field field-type-radio bikes field-15523  field-required\">\n\t\t\t<label class=\"main-label\" for=\"ccf_field_bikes\">\n\t\t\t\t<span class=\"required\">*<\/span>\t\t\t\tPlan to bring your own bikes\/skis?\t\t\t<\/label>\n\t\t\t\t\t\t\t<div class=\"choice radio\">\n\t\t\t\t\t<label><input class=\"field-input\" name=\"ccf_field_bikes\" type=\"radio\"  value=\"of course\"> <span>of course<\/span><\/label>\n\t\t\t\t<\/div>\n\t\t\t\t\t\t\t<div class=\"choice radio\">\n\t\t\t\t\t<label><input class=\"field-input\" name=\"ccf_field_bikes\" type=\"radio\"  value=\"no, we need to rent some\"> <span>no, we need to rent some<\/span><\/label>\n\t\t\t\t<\/div>\n\t\t\t\n\t\t\t\t\t\t\t<div class=\"field-description help-block text-muted\">\n\t\t\t\t\tYour own equipment is the best option.\t\t\t\t<\/div>\n\t\t\t\n\t\t\t\t\t<\/div>\n\n\t\t\n\t\t<div data-field-type=\"single-line-text\" data-field-slug=\"time-period\" class=\"form-group  field time-period field-type-single-line-text field-15526  \">\n\t\t\t<label class=\"main-label\" for=\"ccf_field_time-period\">\n\t\t\t\t\t\t\t\tIdeal period of time for you would be:\t\t\t<\/label>\n\t\t\t<input class=\"form-control  field-input\"  type=\"text\" name=\"ccf_field_time-period\" id=\"ccf_field_time-period\" placeholder=\"\" value=\"\">\n\n\t\t\t\t\t\t\t<div class=\"field-description help-block text-muted\">\n\t\t\t\t\tAs specific as possible.\t\t\t\t<\/div>\n\t\t\t\n\t\t\t\t\t<\/div>\n\n\t\t\n\t\t<div data-field-type=\"paragraph-text\" data-field-slug=\"paragraph-text\" class=\"form-group  field paragraph-text field-type-paragraph-text field-15527  \">\n\t\t\t<label class=\"main-label\" for=\"ccf_field_paragraph-text\">\n\t\t\t\t\t\t\t\tWant to tell us more? We&#039;re all ears:\t\t\t<\/label>\n\t\t\t<textarea class=\"form-control  field-input\"  name=\"ccf_field_paragraph-text\" id=\"ccf_field_paragraph-text\" placeholder=\"\"><\/textarea>\n\n\t\t\t\n\t\t\t\t\t<\/div>\n\n\t\t\n\t\t<div data-field-type=\"recaptcha\" data-field-slug=\"recaptcha-13\" class=\"form-group  field recaptcha-13 field-type-recaptcha field-15528  \">\n\t\t\t<label class=\"main-label\" for=\"ccf_field_recaptcha-13\">\n\t\t\t\t<span class=\"required\">*<\/span>\n\t\t\t\tClick below if you are not a robot\t\t\t<\/label>\n\t\t\t<div class=\"ccf-recaptcha-wrapper\" data-form-id=\"4621\" data-sitekey=\"6LdHxRITAAAAALi7FBwfxld-T5cBWn9FmmtgaBXv\"><\/div>\n\n\t\t\t\t\t\t\t<div class=\"field-description help-block text-muted\">\n\t\t\t\t\tMountain biking robots are accepted.\t\t\t\t<\/div>\n\t\t\t\n\t\t\t\t\t<\/div>\n\n\t\t\n\t\t\t\t\t<div class=\"form-submit \">\n\t\t\t\t\t\t<input type=\"submit\" class=\"btn btn-primary ccf-submit-button\" value=\"Send it!\">\n\t\t\t\t\t\t<img decoding=\"async\" class=\"loading-img\" src=\"https:\/\/www.dev.mtbtours.ro\/wp-admin\/images\/wpspin_light.gif\">\n\t\t\t\t\t<\/div>\n\n\t\t\t\t\t<script type=\"text\/javascript\">\n\t\t\t\t\twindow.wp = window.wp || {};\n\t\t\t\t\twp.ccf = wp.ccf || {};\n\t\t\t\t\twp.ccf.conditionals = wp.ccf.conditionals || [];\n\t\t\t\t\twp.ccf.conditionals[4621] = [];\n\t\t\t\t\t<\/script>\n\n\t\t\t\t\t<input type=\"hidden\" name=\"form_id\" value=\"4621\">\n\t\t\t\t\t<input type=\"hidden\" name=\"form_page\" value=\"https:\/\/www.dev.mtbtours.ro\/ro\/wp-json\/wp\/v2\/pages\/206\">\n\t\t\t\t\t<input type=\"text\" name=\"my_information\" style=\"display: none;\">\n\t\t\t\t\t<input type=\"hidden\"  name=\"ccf_form\" value=\"1\">\n\t\t\t\t\t<input type=\"hidden\" name=\"form_nonce\" value=\"07982d07ee\">\n\t\t\t\t<\/form>\n\n\t\t\t\t<iframe class=\"ccf-form-frame\" id=\"ccf_form_frame_4621\" name=\"ccf_form_frame_4621\"><\/iframe>\n\t\t\t<\/div>\n\n\t\t\t\n<p>Pentru ture organizate de mountainbiking, pute\u0163i lua leg\u0103tura \u015fi cu Iulian Cozma (<a title=\"Pagina de Contat a lui Iulian Cozma la www.mountainguide.ro\" href=\"http:\/\/www.mountainguide.ro\/contact-iulian-cozma\/\" target=\"_blank\" rel=\"noopener noreferrer\">www.mountainguide.ro<\/a>)<\/p>","protected":false},"excerpt":{"rendered":"<p>S\u00eentem pe recep\u021bie:<\/p>\n","protected":false},"author":4,"featured_media":12329,"parent":0,"menu_order":2,"comment_status":"closed","ping_status":"closed","template":"page-mugshots.php","meta":{"_acf_changed":false,"ngg_post_thumbnail":0,"footnotes":""},"tags":[],"class_list":["post-206","page","type-page","status-publish","has-post-thumbnail","hentry"],"acf":[],"_links":{"self":[{"href":"https:\/\/www.dev.mtbtours.ro\/ro\/wp-json\/wp\/v2\/pages\/206","targetHints":{"allow":["GET"]}}],"collection":[{"href":"https:\/\/www.dev.mtbtours.ro\/ro\/wp-json\/wp\/v2\/pages"}],"about":[{"href":"https:\/\/www.dev.mtbtours.ro\/ro\/wp-json\/wp\/v2\/types\/page"}],"author":[{"embeddable":true,"href":"https:\/\/www.dev.mtbtours.ro\/ro\/wp-json\/wp\/v2\/users\/4"}],"replies":[{"embeddable":true,"href":"https:\/\/www.dev.mtbtours.ro\/ro\/wp-json\/wp\/v2\/comments?post=206"}],"version-history":[{"count":2,"href":"https:\/\/www.dev.mtbtours.ro\/ro\/wp-json\/wp\/v2\/pages\/206\/revisions"}],"predecessor-version":[{"id":15607,"href":"https:\/\/www.dev.mtbtours.ro\/ro\/wp-json\/wp\/v2\/pages\/206\/revisions\/15607"}],"wp:featuredmedia":[{"embeddable":true,"href":"https:\/\/www.dev.mtbtours.ro\/ro\/wp-json\/wp\/v2\/media\/12329"}],"wp:attachment":[{"href":"https:\/\/www.dev.mtbtours.ro\/ro\/wp-json\/wp\/v2\/media?parent=206"}],"wp:term":[{"taxonomy":"post_tag","embeddable":true,"href":"https:\/\/www.dev.mtbtours.ro\/ro\/wp-json\/wp\/v2\/tags?post=206"}],"curies":[{"name":"wp","href":"https:\/\/api.w.org\/{rel}","templated":true}]}}