{"id":7403,"date":"2016-02-17T14:48:57","date_gmt":"2016-02-17T12:48:57","guid":{"rendered":"http:\/\/www.mtbtours.ro\/en\/?page_id=7403"},"modified":"2025-02-16T14:30:22","modified_gmt":"2025-02-16T12:30:22","slug":"our-2016-mtb-tours-calendar","status":"publish","type":"page","link":"https:\/\/www.dev.mtbtours.ro\/ro\/calendar-ture-open\/","title":{"rendered":"Calendar"},"content":{"rendered":"<p>O nou\u0103 formul\u0103 pentru 2025: spune-ne ce tur\u0103 te atrage \u0219i \u00een ce s\u0103pt\u0103m\u00e2n\u0103. Facem s\u0103 fie bine.<\/p>\n<p>Situa\u021bia la zi:<\/p>\n<ul>\n<li><del>June 28 &#8211; July 05<\/del><\/li>\n<li>July 05 &#8211; July 12<\/li>\n<li>July 12 &#8211; July 19<\/li>\n<li>July 19 &#8211; July 26<\/li>\n<li><del>July 27 &#8211; August 3<\/del><\/li>\n<li>August 09 &#8211; August 16<\/li>\n<li>August 16 &#8211; August 23<\/li>\n<li><del>August 24 &#8211; August 31<\/del><\/li>\n<li><del>August 31 &#8211; September 6<\/del><\/li>\n<li><del>September 6 &#8211; September 13<\/del><\/li>\n<li>September 20 &#8211; September 27<\/li>\n<li>September 27 &#8211; October 04<\/li>\n<li>October 04 &#8211; October 11<\/li>\n<li>October 11 &#8211; October 18<\/li>\n<\/ul>\n<p>\n\t\t\t<div class=\"ccf-form-wrapper form-id-13681\" data-form-id=\"13681\">\n\t\t\t\t<form  class=\"ccf-form ccf-theme-default\" method=\"post\" action=\"?v=1775851104\" data-form-id=\"13681\">\n\n\t\t\t\t\t\t\t\t\t\t\t\t\t\t\t\t\t\t<div class=\"form-title\">\n\t\t\t\t\t\t\t\tGet in touch!\t\t\t\t\t\t\t<\/div>\n\t\t\t\t\t\t\t\t\t\t\t\n\t\t\t\t\t\t\t\t\t\t\t<div class=\"form-description\">\n\t\t\t\t\t\t\tFill in this form and we&#039;ll get back to you as soon as possible.\t\t\t\t\t\t<\/div>\n\t\t\t\t\t\n\t\t\t\t\t\n\t\t<div data-field-type=\"name\" data-field-slug=\"name\" class=\"form-group  field name field-type-name field-16820  field-required\">\n\t\t\t<label class=\"main-label\">\n\t\t\t\t<span class=\"required\">*<\/span>\t\t\t\tYour name:\t\t\t<\/label>\n\t\t\t<div class=\"left\">\n\t\t\t\t<input value=\"\" class=\"form-control  field-input\" required aria-required=\"true\" type=\"text\" name=\"ccf_field_name[first]\" id=\"ccf_field_name-first\">\n\t\t\t\t\t\t\t\t<label for=\"ccf_field_name-first\" class=\"sub-label help-block text-muted\">First<\/label>\n\t\t\t<\/div>\n\t\t\t<div class=\"right\">\n\t\t\t\t<input value=\"\" class=\"form-control  field-input\" required aria-required=\"true\" type=\"text\" name=\"ccf_field_name[last]\" id=\"ccf_field_name-last\">\n\t\t\t\t\t\t\t\t<label for=\"ccf_field_name-last\" class=\"sub-label help-block text-muted\">Last<\/label>\n\t\t\t<\/div>\n\n\t\t\t<div class=\"ccf-clear\"><\/div>\n\n\t\t\t\t\t\t\t<div class=\"field-description help-block text-muted\">\n\t\t\t\t\tIt&#039;s always nice to talk to real persons.\t\t\t\t<\/div>\n\t\t\t\t\t<\/div>\n\n\t\t\n\t\t<div data-field-type=\"email\" data-field-slug=\"email\" class=\"form-group  field email field-type-email field-16821  field-required\">\n\t\t\t<label class=\"main-label\" for=\"ccf_field_email\">\n\t\t\t\t<span class=\"required\">*<\/span>\t\t\t\tYour email address:\t\t\t<\/label>\n\t\t\t\t\t\t\t<div class=\"left\">\n\t\t\t\t\t<input class=\"form-control field-input \" required aria-required=\"true\" name=\"ccf_field_email[email]\" id=\"ccf_field_email\" value=\"\" type=\"text\">\n\t\t\t\t\t\t\t\t\t\t<label for=\"ccf_field_email\" class=\"sub-label help-block text-muted\">Email<\/label>\n\t\t\t\t<\/div>\n\t\t\t\t<div class=\"right\">\n\t\t\t\t\t<input class=\"form-control field-input \" required aria-required=\"true\" name=\"ccf_field_email[confirm]\" id=\"ccf_field_email-confirm\" value=\"\" type=\"text\">\n\t\t\t\t\t\t\t\t\t\t<label for=\"ccf_field_email-confirm\" class=\"sub-label help-block text-muted\">Confirm Email<\/label>\n\t\t\t\t<\/div>\n\t\t\t\t\t\t\t\t\t\t\t\t<div class=\"ccf-clear\"><\/div>\n\t\t\t\n\t\t\t\t\t\t\t<div class=\"field-description help-block text-muted\">\n\t\t\t\t\tDon&#039;t worry, we hate spam as much as you do. No newsletter coming your way.\t\t\t\t<\/div>\n\t\t\t\t\t<\/div>\n\n\t\t\n\t\t<div data-phone-format=\"international\" data-field-slug=\"phone\" data-field-type=\"phone\" class=\"form-group  field phone field-type-phone field-16822  \">\n\t\t\t<label class=\"main-label\" for=\"ccf_field_phone\">\n\t\t\t\t\t\t\t\tYour phone number:\t\t\t<\/label>\n\t\t\t<input class=\"form-control  field-input\"  type=\"text\" name=\"ccf_field_phone\" id=\"ccf_field_phone\" placeholder=\"\" value=\"\">\n\n\t\t\t\t\t\t\t<div class=\"field-description help-block text-muted\">\n\t\t\t\t\tMight be faster over the phone.\t\t\t\t<\/div>\n\t\t\t\n\t\t\t\t\t<\/div>\n\n\t\t\n\t\t<div data-field-type=\"website\" data-field-slug=\"website-14\" class=\"form-group  field website-14 field-type-website field-16823  \">\n\t\t\t<label class=\"main-label\" for=\"ccf_field_website-14\">\n\t\t\t\t\t\t\t\tWeb address\t\t\t<\/label>\n\t\t\t<input class=\"form-control  field-input\"  type=\"text\" name=\"ccf_field_website-14\" id=\"ccf_field_website-14\" placeholder=\"http:\/\/\" value=\"\">\n\n\t\t\t\t\t\t\t<div class=\"field-description help-block text-muted\">\n\t\t\t\t\tAny relevant url you want to share.\t\t\t\t<\/div>\n\t\t\t\n\t\t\t\t\t<\/div>\n\n\t\t\n\t\t<div data-field-type=\"checkboxes\" data-field-slug=\"level\" class=\"form-group  field level field-type-checkboxes field-16824  field-required\">\n\t\t\t<label class=\"main-label\" for=\"ccf_field_level\">\n\t\t\t\t<span class=\"required\">*<\/span>\t\t\t\tYou are interested in:\t\t\t<\/label>\n\t\t\t\t\t\t\t<div class=\"choice checkbox\">\n\t\t\t\t\t<label><input class=\"field-input\" name=\"ccf_field_level[]\" type=\"checkbox\"  value=\"Bucegi Circuit\"> <span>Bucegi Circuit<\/span><\/label>\n\t\t\t\t<\/div>\n\t\t\t\t\t\t\t<div class=\"choice checkbox\">\n\t\t\t\t\t<label><input class=\"field-input\" name=\"ccf_field_level[]\" type=\"checkbox\"  value=\"Transylvanian Alps\"> <span>Transylvanian Alps<\/span><\/label>\n\t\t\t\t<\/div>\n\t\t\t\t\t\t\t<div class=\"choice checkbox\">\n\t\t\t\t\t<label><input class=\"field-input\" name=\"ccf_field_level[]\" type=\"checkbox\"  value=\"Carpat MTB Enduro\"> <span>Carpat MTB Enduro<\/span><\/label>\n\t\t\t\t<\/div>\n\t\t\t\t\t\t\t<div class=\"choice checkbox\">\n\t\t\t\t\t<label><input class=\"field-input\" name=\"ccf_field_level[]\" type=\"checkbox\"  value=\"Carpathian Peaks\"> <span>Carpathian Peaks<\/span><\/label>\n\t\t\t\t<\/div>\n\t\t\t\n\t\t\t\t\t\t\t<div class=\"field-description help-block text-muted\">\n\t\t\t\t\tMultiple choice is a valid option.\t\t\t\t<\/div>\n\t\t\t\n\t\t\t\t\t<\/div>\n\n\t\t\n\t\t<div data-field-type=\"checkboxes\" data-field-slug=\"checkboxes-16\" class=\"form-group  field checkboxes-16 field-type-checkboxes field-16829  field-required\">\n\t\t\t<label class=\"main-label\" for=\"ccf_field_checkboxes-16\">\n\t\t\t\t<span class=\"required\">*<\/span>\t\t\t\tYour preferred dates:\t\t\t<\/label>\n\t\t\t\t\t\t\t<div class=\"choice checkbox\">\n\t\t\t\t\t<label><input class=\"field-input\" name=\"ccf_field_checkboxes-16[]\" type=\"checkbox\"  value=\"Jun 28 - Jul 05\"> <span>Jun 28 - Jul 05<\/span><\/label>\n\t\t\t\t<\/div>\n\t\t\t\t\t\t\t<div class=\"choice checkbox\">\n\t\t\t\t\t<label><input class=\"field-input\" name=\"ccf_field_checkboxes-16[]\" type=\"checkbox\"  value=\"Jul 05 - Jul 12\"> <span>Jul 05 - Jul 12<\/span><\/label>\n\t\t\t\t<\/div>\n\t\t\t\t\t\t\t<div class=\"choice checkbox\">\n\t\t\t\t\t<label><input class=\"field-input\" name=\"ccf_field_checkboxes-16[]\" type=\"checkbox\"  value=\"Jul 12 - Jul 19\"> <span>Jul 12 - Jul 19<\/span><\/label>\n\t\t\t\t<\/div>\n\t\t\t\t\t\t\t<div class=\"choice checkbox\">\n\t\t\t\t\t<label><input class=\"field-input\" name=\"ccf_field_checkboxes-16[]\" type=\"checkbox\"  value=\"Jul 19 - Jul 26\"> <span>Jul 19 - Jul 26<\/span><\/label>\n\t\t\t\t<\/div>\n\t\t\t\t\t\t\t<div class=\"choice checkbox\">\n\t\t\t\t\t<label><input class=\"field-input\" name=\"ccf_field_checkboxes-16[]\" type=\"checkbox\"  value=\"Aug 09 - Aug 16\"> <span>Aug 09 - Aug 16<\/span><\/label>\n\t\t\t\t<\/div>\n\t\t\t\t\t\t\t<div class=\"choice checkbox\">\n\t\t\t\t\t<label><input class=\"field-input\" name=\"ccf_field_checkboxes-16[]\" type=\"checkbox\"  value=\"Aug 16 - Aug 23\"> <span>Aug 16 - Aug 23<\/span><\/label>\n\t\t\t\t<\/div>\n\t\t\t\t\t\t\t<div class=\"choice checkbox\">\n\t\t\t\t\t<label><input class=\"field-input\" name=\"ccf_field_checkboxes-16[]\" type=\"checkbox\"  value=\"Sep 20 - Sep 27\"> <span>Sep 20 - Sep 27<\/span><\/label>\n\t\t\t\t<\/div>\n\t\t\t\t\t\t\t<div class=\"choice checkbox\">\n\t\t\t\t\t<label><input class=\"field-input\" name=\"ccf_field_checkboxes-16[]\" type=\"checkbox\"  value=\"Sep 27 - Oct 04\"> <span>Sep 27 - Oct 04<\/span><\/label>\n\t\t\t\t<\/div>\n\t\t\t\t\t\t\t<div class=\"choice checkbox\">\n\t\t\t\t\t<label><input class=\"field-input\" name=\"ccf_field_checkboxes-16[]\" type=\"checkbox\"  value=\"Oct 04 - Oct 11\"> <span>Oct 04 - Oct 11<\/span><\/label>\n\t\t\t\t<\/div>\n\t\t\t\t\t\t\t<div class=\"choice checkbox\">\n\t\t\t\t\t<label><input class=\"field-input\" name=\"ccf_field_checkboxes-16[]\" type=\"checkbox\"  value=\"custom dates\"> <span>custom dates<\/span><\/label>\n\t\t\t\t<\/div>\n\t\t\t\n\t\t\t\t\t\t\t<div class=\"field-description help-block text-muted\">\n\t\t\t\t\tMultiple selection possible.\t\t\t\t<\/div>\n\t\t\t\n\t\t\t\t\t<\/div>\n\n\t\t\n\t\t<div data-field-type=\"checkboxes\" data-field-slug=\"checkboxes-15\" class=\"form-group  field checkboxes-15 field-type-checkboxes field-16840  field-required\">\n\t\t\t<label class=\"main-label\" for=\"ccf_field_checkboxes-15\">\n\t\t\t\t<span class=\"required\">*<\/span>\t\t\t\tYou represent a group of:\t\t\t<\/label>\n\t\t\t\t\t\t\t<div class=\"choice checkbox\">\n\t\t\t\t\t<label><input class=\"field-input\" name=\"ccf_field_checkboxes-15[]\" type=\"checkbox\"  value=\"well, just me\"> <span>well, just me<\/span><\/label>\n\t\t\t\t<\/div>\n\t\t\t\t\t\t\t<div class=\"choice checkbox\">\n\t\t\t\t\t<label><input class=\"field-input\" name=\"ccf_field_checkboxes-15[]\" type=\"checkbox\"  value=\"2 pers\"> <span>2 pers<\/span><\/label>\n\t\t\t\t<\/div>\n\t\t\t\t\t\t\t<div class=\"choice checkbox\">\n\t\t\t\t\t<label><input class=\"field-input\" name=\"ccf_field_checkboxes-15[]\" type=\"checkbox\"  value=\"3 pers\"> <span>3 pers<\/span><\/label>\n\t\t\t\t<\/div>\n\t\t\t\t\t\t\t<div class=\"choice checkbox\">\n\t\t\t\t\t<label><input class=\"field-input\" name=\"ccf_field_checkboxes-15[]\" type=\"checkbox\"  value=\"4 pers\"> <span>4 pers<\/span><\/label>\n\t\t\t\t<\/div>\n\t\t\t\t\t\t\t<div class=\"choice checkbox\">\n\t\t\t\t\t<label><input class=\"field-input\" name=\"ccf_field_checkboxes-15[]\" type=\"checkbox\"  value=\"5 pers\"> <span>5 pers<\/span><\/label>\n\t\t\t\t<\/div>\n\t\t\t\t\t\t\t<div class=\"choice checkbox\">\n\t\t\t\t\t<label><input class=\"field-input\" name=\"ccf_field_checkboxes-15[]\" type=\"checkbox\"  value=\"6 pers\"> <span>6 pers<\/span><\/label>\n\t\t\t\t<\/div>\n\t\t\t\t\t\t\t<div class=\"choice checkbox\">\n\t\t\t\t\t<label><input class=\"field-input\" name=\"ccf_field_checkboxes-15[]\" type=\"checkbox\"  value=\"7 pers\"> <span>7 pers<\/span><\/label>\n\t\t\t\t<\/div>\n\t\t\t\t\t\t\t<div class=\"choice checkbox\">\n\t\t\t\t\t<label><input class=\"field-input\" name=\"ccf_field_checkboxes-15[]\" type=\"checkbox\"  value=\"it&#039;s complicated\"> <span>it&#039;s complicated<\/span><\/label>\n\t\t\t\t<\/div>\n\t\t\t\n\t\t\t\t\t\t\t<div class=\"field-description help-block text-muted\">\n\t\t\t\t\tUse multiple options if not sure how many you are.\t\t\t\t<\/div>\n\t\t\t\n\t\t\t\t\t<\/div>\n\n\t\t\n\t\t<div data-field-type=\"radio\" data-field-slug=\"radio-11\" class=\"form-group  field field-type-radio radio-11 field-16849  field-required\">\n\t\t\t<label class=\"main-label\" for=\"ccf_field_radio-11\">\n\t\t\t\t<span class=\"required\">*<\/span>\t\t\t\tGroup policy:\t\t\t<\/label>\n\t\t\t\t\t\t\t<div class=\"choice radio\">\n\t\t\t\t\t<label><input class=\"field-input\" name=\"ccf_field_radio-11\" type=\"radio\"  value=\"we are a closed group\"> <span>we are a closed group<\/span><\/label>\n\t\t\t\t<\/div>\n\t\t\t\t\t\t\t<div class=\"choice radio\">\n\t\t\t\t\t<label><input class=\"field-input\" name=\"ccf_field_radio-11\" type=\"radio\"  value=\"happily joining others\"> <span>happily joining others<\/span><\/label>\n\t\t\t\t<\/div>\n\t\t\t\n\t\t\t\t\t\t\t<div class=\"field-description help-block text-muted\">\n\t\t\t\t\tConnecting people. Or not.\t\t\t\t<\/div>\n\t\t\t\n\t\t\t\t\t<\/div>\n\n\t\t\n\t\t<div data-field-type=\"radio\" data-field-slug=\"bikes\" class=\"form-group  field field-type-radio bikes field-16852  field-required\">\n\t\t\t<label class=\"main-label\" for=\"ccf_field_bikes\">\n\t\t\t\t<span class=\"required\">*<\/span>\t\t\t\tPlan to bring your own bikes?\t\t\t<\/label>\n\t\t\t\t\t\t\t<div class=\"choice radio\">\n\t\t\t\t\t<label><input class=\"field-input\" name=\"ccf_field_bikes\" type=\"radio\"  value=\"of course\"> <span>of course<\/span><\/label>\n\t\t\t\t<\/div>\n\t\t\t\t\t\t\t<div class=\"choice radio\">\n\t\t\t\t\t<label><input class=\"field-input\" name=\"ccf_field_bikes\" type=\"radio\"  value=\"no, we need to rent some\"> <span>no, we need to rent some<\/span><\/label>\n\t\t\t\t<\/div>\n\t\t\t\n\t\t\t\t\t\t\t<div class=\"field-description help-block text-muted\">\n\t\t\t\t\tYour own equipment is the best option.\t\t\t\t<\/div>\n\t\t\t\n\t\t\t\t\t<\/div>\n\n\t\t\n\t\t<div data-field-type=\"single-line-text\" data-field-slug=\"time-period\" class=\"form-group  field time-period field-type-single-line-text field-16855  \">\n\t\t\t<label class=\"main-label\" for=\"ccf_field_time-period\">\n\t\t\t\t\t\t\t\tIdeal period of time for you would be:\t\t\t<\/label>\n\t\t\t<input class=\"form-control  field-input\"  type=\"text\" name=\"ccf_field_time-period\" id=\"ccf_field_time-period\" placeholder=\"\" value=\"\">\n\n\t\t\t\t\t\t\t<div class=\"field-description help-block text-muted\">\n\t\t\t\t\tAs specific as possible.\t\t\t\t<\/div>\n\t\t\t\n\t\t\t\t\t<\/div>\n\n\t\t\n\t\t<div data-field-type=\"paragraph-text\" data-field-slug=\"paragraph-text\" class=\"form-group  field paragraph-text field-type-paragraph-text field-16856  \">\n\t\t\t<label class=\"main-label\" for=\"ccf_field_paragraph-text\">\n\t\t\t\t\t\t\t\tWant to tell us more? We&#039;re all ears:\t\t\t<\/label>\n\t\t\t<textarea class=\"form-control  field-input\"  name=\"ccf_field_paragraph-text\" id=\"ccf_field_paragraph-text\" placeholder=\"\"><\/textarea>\n\n\t\t\t\n\t\t\t\t\t<\/div>\n\n\t\t\n\t\t<div data-field-type=\"recaptcha\" data-field-slug=\"recaptcha-13\" class=\"form-group  field recaptcha-13 field-type-recaptcha field-16857  \">\n\t\t\t<label class=\"main-label\" for=\"ccf_field_recaptcha-13\">\n\t\t\t\t<span class=\"required\">*<\/span>\n\t\t\t\tClick below if you are not a robot\t\t\t<\/label>\n\t\t\t<div class=\"ccf-recaptcha-wrapper\" data-form-id=\"13681\" data-sitekey=\"6LdHxRITAAAAALi7FBwfxld-T5cBWn9FmmtgaBXv\"><\/div>\n\n\t\t\t\t\t\t\t<div class=\"field-description help-block text-muted\">\n\t\t\t\t\tMountain biking robots are accepted.\t\t\t\t<\/div>\n\t\t\t\n\t\t\t\t\t<\/div>\n\n\t\t\n\t\t\t\t\t<div class=\"form-submit \">\n\t\t\t\t\t\t<input type=\"submit\" class=\"btn btn-primary ccf-submit-button\" value=\"Send it already!\">\n\t\t\t\t\t\t<img decoding=\"async\" class=\"loading-img\" src=\"https:\/\/www.dev.mtbtours.ro\/wp-admin\/images\/wpspin_light.gif\">\n\t\t\t\t\t<\/div>\n\n\t\t\t\t\t<script type=\"text\/javascript\">\n\t\t\t\t\twindow.wp = window.wp || {};\n\t\t\t\t\twp.ccf = wp.ccf || {};\n\t\t\t\t\twp.ccf.conditionals = wp.ccf.conditionals || [];\n\t\t\t\t\twp.ccf.conditionals[13681] = [];\n\t\t\t\t\t<\/script>\n\n\t\t\t\t\t<input type=\"hidden\" name=\"form_id\" value=\"13681\">\n\t\t\t\t\t<input type=\"hidden\" name=\"form_page\" value=\"https:\/\/www.dev.mtbtours.ro\/ro\/wp-json\/wp\/v2\/pages\/7403\">\n\t\t\t\t\t<input type=\"text\" name=\"my_information\" style=\"display: none;\">\n\t\t\t\t\t<input type=\"hidden\"  name=\"ccf_form\" value=\"1\">\n\t\t\t\t\t<input type=\"hidden\" name=\"form_nonce\" value=\"07982d07ee\">\n\t\t\t\t<\/form>\n\n\t\t\t\t<iframe class=\"ccf-form-frame\" id=\"ccf_form_frame_13681\" name=\"ccf_form_frame_13681\"><\/iframe>\n\t\t\t<\/div>\n\n\t\t\t<\/p>","protected":false},"excerpt":{"rendered":"<p>Hai cu noi:<\/p>\n","protected":false},"author":4,"featured_media":13498,"parent":0,"menu_order":0,"comment_status":"closed","ping_status":"closed","template":"page-open-tours-calendar.php","meta":{"_acf_changed":false,"ngg_post_thumbnail":0,"footnotes":""},"tags":[234,231,235,232,38,27,236,230,53,237,77,168,233],"class_list":["post-7403","page","type-page","status-publish","has-post-thumbnail","hentry","tag-adventures","tag-calendar","tag-groups","tag-holidays","tag-mountain-biking","tag-mtb","tag-open","tag-open-tours","tag-romania","tag-schedule","tag-tours","tag-transylvania","tag-trips"],"acf":[],"_links":{"self":[{"href":"https:\/\/www.dev.mtbtours.ro\/ro\/wp-json\/wp\/v2\/pages\/7403","targetHints":{"allow":["GET"]}}],"collection":[{"href":"https:\/\/www.dev.mtbtours.ro\/ro\/wp-json\/wp\/v2\/pages"}],"about":[{"href":"https:\/\/www.dev.mtbtours.ro\/ro\/wp-json\/wp\/v2\/types\/page"}],"author":[{"embeddable":true,"href":"https:\/\/www.dev.mtbtours.ro\/ro\/wp-json\/wp\/v2\/users\/4"}],"replies":[{"embeddable":true,"href":"https:\/\/www.dev.mtbtours.ro\/ro\/wp-json\/wp\/v2\/comments?post=7403"}],"version-history":[{"count":3,"href":"https:\/\/www.dev.mtbtours.ro\/ro\/wp-json\/wp\/v2\/pages\/7403\/revisions"}],"predecessor-version":[{"id":16861,"href":"https:\/\/www.dev.mtbtours.ro\/ro\/wp-json\/wp\/v2\/pages\/7403\/revisions\/16861"}],"wp:featuredmedia":[{"embeddable":true,"href":"https:\/\/www.dev.mtbtours.ro\/ro\/wp-json\/wp\/v2\/media\/13498"}],"wp:attachment":[{"href":"https:\/\/www.dev.mtbtours.ro\/ro\/wp-json\/wp\/v2\/media?parent=7403"}],"wp:term":[{"taxonomy":"post_tag","embeddable":true,"href":"https:\/\/www.dev.mtbtours.ro\/ro\/wp-json\/wp\/v2\/tags?post=7403"}],"curies":[{"name":"wp","href":"https:\/\/api.w.org\/{rel}","templated":true}]}}